{"id":3020,"date":"2022-08-02T09:07:38","date_gmt":"2022-08-02T09:07:38","guid":{"rendered":"https:\/\/autohive-wp.themetags.com\/?page_id=2"},"modified":"2023-07-07T23:40:05","modified_gmt":"2023-07-07T20:40:05","slug":"blog","status":"publish","type":"page","link":"https:\/\/koycegizmotorkiralama.com\/index.php\/blog\/","title":{"rendered":"Blog"},"content":{"rendered":"\t\t<div data-elementor-type=\"wp-page\" data-elementor-id=\"3020\" class=\"elementor elementor-3020\">\n\t\t\t\t\t\t<section class=\"elementor-section elementor-top-section elementor-element elementor-element-86c06f1 elementor-section-boxed elementor-section-height-default elementor-section-height-default\" data-id=\"86c06f1\" data-element_type=\"section\" data-e-type=\"section\">\n\t\t\t\t\t\t<div class=\"elementor-container elementor-column-gap-default\">\n\t\t\t\t\t<div class=\"elementor-column elementor-col-100 elementor-top-column elementor-element elementor-element-ee7ac1a\" data-id=\"ee7ac1a\" data-element_type=\"column\" data-e-type=\"column\">\n\t\t\t<div class=\"elementor-widget-wrap\">\n\t\t\t\t\t\t\t<\/div>\n\t\t<\/div>\n\t\t\t\t\t<\/div>\n\t\t<\/section>\n\t\t\t\t<section class=\"elementor-section elementor-top-section elementor-element elementor-element-c3f2e0a elementor-section-boxed elementor-section-height-default elementor-section-height-default\" data-id=\"c3f2e0a\" data-element_type=\"section\" data-e-type=\"section\">\n\t\t\t\t\t\t<div class=\"elementor-container elementor-column-gap-default\">\n\t\t\t\t\t<div class=\"elementor-column elementor-col-100 elementor-top-column elementor-element elementor-element-4179fb6\" data-id=\"4179fb6\" data-element_type=\"column\" data-e-type=\"column\">\n\t\t\t<div class=\"elementor-widget-wrap elementor-element-populated\">\n\t\t\t\t\t\t<div class=\"elementor-element elementor-element-d80ba27 elementor-widget elementor-widget-heading\" data-id=\"d80ba27\" data-element_type=\"widget\" data-e-type=\"widget\" data-widget_type=\"heading.default\">\n\t\t\t\t<div class=\"elementor-widget-container\">\n\t\t\t\t\t<h2 class=\"elementor-heading-title elementor-size-default\">BKM Motors Blog Yaz\u0131lar\u0131m\u0131z<\/h2>\t\t\t\t<\/div>\n\t\t\t\t<\/div>\n\t\t\t\t\t<\/div>\n\t\t<\/div>\n\t\t\t\t\t<\/div>\n\t\t<\/section>\n\t\t\t\t<section class=\"elementor-section elementor-top-section elementor-element elementor-element-bb4fb2c elementor-section-boxed elementor-section-height-default elementor-section-height-default\" data-id=\"bb4fb2c\" data-element_type=\"section\" data-e-type=\"section\">\n\t\t\t\t\t\t<div class=\"elementor-container elementor-column-gap-default\">\n\t\t\t\t\t<div class=\"elementor-column elementor-col-100 elementor-top-column elementor-element elementor-element-3673297\" data-id=\"3673297\" data-element_type=\"column\" data-e-type=\"column\">\n\t\t\t<div class=\"elementor-widget-wrap\">\n\t\t\t\t\t\t\t<\/div>\n\t\t<\/div>\n\t\t\t\t\t<\/div>\n\t\t<\/section>\n\t\t\t\t<section class=\"elementor-section elementor-top-section elementor-element elementor-element-1b96c42 elementor-section-boxed elementor-section-height-default elementor-section-height-default\" data-id=\"1b96c42\" data-element_type=\"section\" data-e-type=\"section\">\n\t\t\t\t\t\t<div class=\"elementor-container elementor-column-gap-default\">\n\t\t\t\t\t<div class=\"elementor-column elementor-col-100 elementor-top-column elementor-element elementor-element-7815ed5\" data-id=\"7815ed5\" data-element_type=\"column\" data-e-type=\"column\">\n\t\t\t<div class=\"elementor-widget-wrap elementor-element-populated\">\n\t\t\t\t\t\t<div class=\"elementor-element elementor-element-fe54238 elementor-grid-2 elementor-posts--thumbnail-left elementor-grid-tablet-2 elementor-grid-mobile-1 elementor-widget elementor-widget-posts\" data-id=\"fe54238\" data-element_type=\"widget\" data-e-type=\"widget\" data-settings=\"{&quot;classic_columns&quot;:&quot;2&quot;,&quot;pagination_type&quot;:&quot;prev_next&quot;,&quot;classic_columns_tablet&quot;:&quot;2&quot;,&quot;classic_columns_mobile&quot;:&quot;1&quot;,&quot;classic_row_gap&quot;:{&quot;unit&quot;:&quot;px&quot;,&quot;size&quot;:35,&quot;sizes&quot;:[]},&quot;classic_row_gap_tablet&quot;:{&quot;unit&quot;:&quot;px&quot;,&quot;size&quot;:&quot;&quot;,&quot;sizes&quot;:[]},&quot;classic_row_gap_mobile&quot;:{&quot;unit&quot;:&quot;px&quot;,&quot;size&quot;:&quot;&quot;,&quot;sizes&quot;:[]}}\" data-widget_type=\"posts.classic\">\n\t\t\t\t<div class=\"elementor-widget-container\">\n\t\t\t\t\t\t\t<div class=\"elementor-posts-container elementor-posts elementor-posts--skin-classic elementor-grid\">\n\t\t\t\t<article class=\"elementor-post elementor-grid-item post-1 post type-post status-publish format-standard has-post-thumbnail hentry category-genel\">\n\t\t\t\t<a class=\"elementor-post__thumbnail__link\" href=\"https:\/\/koycegizmotorkiralama.com\/index.php\/2023\/07\/01\/merhaba-dunya\/\" >\n\t\t\t<div class=\"elementor-post__thumbnail\"><img fetchpriority=\"high\" decoding=\"async\" width=\"272\" height=\"300\" src=\"https:\/\/koycegizmotorkiralama.com\/wp-content\/uploads\/2023\/07\/bkm-motors-03-272x300.png\" class=\"attachment-medium size-medium wp-image-3086\" alt=\"\" srcset=\"https:\/\/koycegizmotorkiralama.com\/wp-content\/uploads\/2023\/07\/bkm-motors-03-272x300.png 272w, https:\/\/koycegizmotorkiralama.com\/wp-content\/uploads\/2023\/07\/bkm-motors-03-600x661.png 600w, https:\/\/koycegizmotorkiralama.com\/wp-content\/uploads\/2023\/07\/bkm-motors-03-929x1024.png 929w, https:\/\/koycegizmotorkiralama.com\/wp-content\/uploads\/2023\/07\/bkm-motors-03-768x847.png 768w, https:\/\/koycegizmotorkiralama.com\/wp-content\/uploads\/2023\/07\/bkm-motors-03.png 1181w\" sizes=\"(max-width: 272px) 100vw, 272px\" \/><\/div>\n\t\t<\/a>\n\t\t\t\t<div class=\"elementor-post__text\">\n\t\t\t\t<h3 class=\"elementor-post__title\">\n\t\t\t<a href=\"https:\/\/koycegizmotorkiralama.com\/index.php\/2023\/07\/01\/merhaba-dunya\/\" >\n\t\t\t\tK\u00f6yce\u011fiz Motor Kiralama\t\t\t<\/a>\n\t\t<\/h3>\n\t\t\t\t<div class=\"elementor-post__meta-data\">\n\t\t\t\t\t<span class=\"elementor-post-date\">\n\t\t\t1 Temmuz 2023\t\t<\/span>\n\t\t\t\t<\/div>\n\t\t\t\t<div class=\"elementor-post__excerpt\">\n\t\t\t<p>K\u00f6yce\u011fizde Art\u0131k Motor Kiralama Hizmeti \u0130le Hizmetinizdeyiz.<\/p>\n\t\t<\/div>\n\t\t\n\t\t<a class=\"elementor-post__read-more\" href=\"https:\/\/koycegizmotorkiralama.com\/index.php\/2023\/07\/01\/merhaba-dunya\/\" aria-label=\"Read more about K\u00f6yce\u011fiz Motor Kiralama\" >\n\t\t\tYaz\u0131n\u0131n Devam\u0131 \u00bb\t\t<\/a>\n\n\t\t\t\t<\/div>\n\t\t\t\t<\/article>\n\t\t\t\t<\/div>\n\t\t\n\t\t\t\t\t\t<\/div>\n\t\t\t\t<\/div>\n\t\t\t\t\t<\/div>\n\t\t<\/div>\n\t\t\t\t\t<\/div>\n\t\t<\/section>\n\t\t\t\t<\/div>\n\t\t","protected":false},"excerpt":{"rendered":"<p>BKM Motors Blog Yaz\u0131lar\u0131m\u0131z<\/p>\n","protected":false},"author":1,"featured_media":0,"parent":0,"menu_order":0,"comment_status":"closed","ping_status":"closed","template":"","meta":{"_monsterinsights_skip_tracking":false,"_monsterinsights_sitenote_active":false,"_monsterinsights_sitenote_note":"","_monsterinsights_sitenote_category":0,"footnotes":""},"class_list":["post-3020","page","type-page","status-publish","hentry"],"aioseo_notices":[],"_links":{"self":[{"href":"https:\/\/koycegizmotorkiralama.com\/index.php\/wp-json\/wp\/v2\/pages\/3020","targetHints":{"allow":["GET"]}}],"collection":[{"href":"https:\/\/koycegizmotorkiralama.com\/index.php\/wp-json\/wp\/v2\/pages"}],"about":[{"href":"https:\/\/koycegizmotorkiralama.com\/index.php\/wp-json\/wp\/v2\/types\/page"}],"author":[{"embeddable":true,"href":"https:\/\/koycegizmotorkiralama.com\/index.php\/wp-json\/wp\/v2\/users\/1"}],"replies":[{"embeddable":true,"href":"https:\/\/koycegizmotorkiralama.com\/index.php\/wp-json\/wp\/v2\/comments?post=3020"}],"version-history":[{"count":11,"href":"https:\/\/koycegizmotorkiralama.com\/index.php\/wp-json\/wp\/v2\/pages\/3020\/revisions"}],"predecessor-version":[{"id":3305,"href":"https:\/\/koycegizmotorkiralama.com\/index.php\/wp-json\/wp\/v2\/pages\/3020\/revisions\/3305"}],"wp:attachment":[{"href":"https:\/\/koycegizmotorkiralama.com\/index.php\/wp-json\/wp\/v2\/media?parent=3020"}],"curies":[{"name":"wp","href":"https:\/\/api.w.org\/{rel}","templated":true}]}}