{"id":1494,"date":"2022-12-31T11:14:36","date_gmt":"2022-12-31T11:14:36","guid":{"rendered":"https:\/\/autohive-wp.themetags.com\/?page_id=1494"},"modified":"2023-07-03T09:17:51","modified_gmt":"2023-07-03T06:17:51","slug":"hakkimizda","status":"publish","type":"page","link":"https:\/\/koycegizmotorkiralama.com\/index.php\/hakkimizda\/","title":{"rendered":"Hakk\u0131m\u0131zda"},"content":{"rendered":"\t\t<div data-elementor-type=\"wp-page\" data-elementor-id=\"1494\" class=\"elementor elementor-1494\">\n\t\t\t\t\t\t<section class=\"elementor-section elementor-top-section elementor-element elementor-element-0750c1a elementor-section-boxed elementor-section-height-default elementor-section-height-default\" data-id=\"0750c1a\" data-element_type=\"section\" data-e-type=\"section\">\n\t\t\t\t\t\t<div class=\"elementor-container elementor-column-gap-default\">\n\t\t\t\t\t<div class=\"elementor-column elementor-col-100 elementor-top-column elementor-element elementor-element-614485b\" data-id=\"614485b\" data-element_type=\"column\" data-e-type=\"column\">\n\t\t\t<div class=\"elementor-widget-wrap\">\n\t\t\t\t\t\t\t<\/div>\n\t\t<\/div>\n\t\t\t\t\t<\/div>\n\t\t<\/section>\n\t\t\t\t<section class=\"elementor-section elementor-top-section elementor-element elementor-element-6f80c50 elementor-section-boxed elementor-section-height-default elementor-section-height-default\" data-id=\"6f80c50\" data-element_type=\"section\" data-e-type=\"section\">\n\t\t\t\t\t\t<div class=\"elementor-container elementor-column-gap-default\">\n\t\t\t\t\t<div class=\"elementor-column elementor-col-100 elementor-top-column elementor-element elementor-element-40d4515\" data-id=\"40d4515\" data-element_type=\"column\" data-e-type=\"column\">\n\t\t\t<div class=\"elementor-widget-wrap elementor-element-populated\">\n\t\t\t\t\t\t<div class=\"elementor-element elementor-element-940b32f elementor-widget elementor-widget-image\" data-id=\"940b32f\" data-element_type=\"widget\" data-e-type=\"widget\" data-widget_type=\"image.default\">\n\t\t\t\t<div class=\"elementor-widget-container\">\n\t\t\t\t\t\t\t\t\t\t\t\t\t\t\t<img fetchpriority=\"high\" decoding=\"async\" width=\"272\" height=\"300\" src=\"https:\/\/koycegizmotorkiralama.com\/wp-content\/uploads\/2023\/07\/bkm-motors-03-272x300.png\" class=\"attachment-medium size-medium wp-image-3086\" alt=\"\" srcset=\"https:\/\/koycegizmotorkiralama.com\/wp-content\/uploads\/2023\/07\/bkm-motors-03-272x300.png 272w, https:\/\/koycegizmotorkiralama.com\/wp-content\/uploads\/2023\/07\/bkm-motors-03-600x661.png 600w, https:\/\/koycegizmotorkiralama.com\/wp-content\/uploads\/2023\/07\/bkm-motors-03-929x1024.png 929w, https:\/\/koycegizmotorkiralama.com\/wp-content\/uploads\/2023\/07\/bkm-motors-03-768x847.png 768w, https:\/\/koycegizmotorkiralama.com\/wp-content\/uploads\/2023\/07\/bkm-motors-03.png 1181w\" sizes=\"(max-width: 272px) 100vw, 272px\" \/>\t\t\t\t\t\t\t\t\t\t\t\t\t\t\t<\/div>\n\t\t\t\t<\/div>\n\t\t\t\t<div class=\"elementor-element elementor-element-aad86f1 elementor-widget elementor-widget-text-editor\" data-id=\"aad86f1\" data-element_type=\"widget\" data-e-type=\"widget\" data-widget_type=\"text-editor.default\">\n\t\t\t\t<div class=\"elementor-widget-container\">\n\t\t\t\t\t\t\t\t\t<p style=\"text-align: center;\">K\u00f6yce\u011fiz \u0130l\u00e7esi, Akdeniz ve Ege B\u00f6lgeleri\u2019nin birle\u015fti\u011fi yerde, Mu\u011fla \u2013 Fethiye Karayolu\u2019nun 60. km\u2019sinde, zengin do\u011fal g\u00fczellikler ve narenciye bah\u00e7eleri i\u00e7inde, sakin bir turistik il\u00e7edir. \u0130l\u00e7e, ad\u0131n\u0131 ald\u0131\u011f\u0131 K\u00f6yce\u011fiz G\u00f6l\u00fc\u2019n\u00fcn kuzeyinde kurulu olup, 1.758 km\u00b2 y\u00fcz\u00f6l\u00e7\u00fcm\u00fcndedir.<\/p>\n<p style=\"text-align: center;\">BKM Motors, K\u00f6yce\u011fiz&#8217;deki ilk ve tek motor kiralama firmas\u0131 olarak hizmet vermektedir. Geni\u015f filo altyap\u0131m\u0131z ve profesyonel kadromuz ile siz de\u011ferli m\u00fc\u015fterilerimize hizmet vermenin gururunu ya\u015f\u0131yoruz.<\/p><p style=\"text-align: center;\">M\u00fc\u015fteri memnuniyeti odakl\u0131 olarak \u00e7al\u0131\u015fmalar\u0131m\u0131z\u0131 y\u00fcr\u00fct\u00fcyoruz. En \u00f6nemli felsefemiz bir m\u00fc\u015fterimizin bizden ald\u0131\u011f\u0131 hizmeti be\u011fenerek tekrar gelmesi ve memnuniyetini ba\u015fkalar\u0131na iletmesidir.&nbsp;<\/p>\t\t\t\t\t\t\t\t<\/div>\n\t\t\t\t<\/div>\n\t\t\t\t\t<\/div>\n\t\t<\/div>\n\t\t\t\t\t<\/div>\n\t\t<\/section>\n\t\t\t\t<section class=\"elementor-section elementor-top-section elementor-element elementor-element-0e7df05 elementor-section-boxed elementor-section-height-default elementor-section-height-default\" data-id=\"0e7df05\" data-element_type=\"section\" data-e-type=\"section\">\n\t\t\t\t\t\t<div class=\"elementor-container elementor-column-gap-default\">\n\t\t\t\t\t<div class=\"elementor-column elementor-col-100 elementor-top-column elementor-element elementor-element-2083cb4\" data-id=\"2083cb4\" data-element_type=\"column\" data-e-type=\"column\">\n\t\t\t<div class=\"elementor-widget-wrap\">\n\t\t\t\t\t\t\t<\/div>\n\t\t<\/div>\n\t\t\t\t\t<\/div>\n\t\t<\/section>\n\t\t\t\t<\/div>\n\t\t","protected":false},"excerpt":{"rendered":"<p>K\u00f6yce\u011fiz Motor Kiralama K\u00f6yce\u011fiz \u0130l\u00e7esi, Akdeniz ve Ege B\u00f6lgeleri\u2019nin birle\u015fti\u011fi yerde, Mu\u011fla \u2013 Fethiye Karayolu\u2019nun 60. km\u2019sinde, zengin do\u011fal g\u00fczellikler ve narenciye bah\u00e7eleri i\u00e7inde, sakin bir turistik il\u00e7edir. \u0130l\u00e7e, ad\u0131n\u0131 ald\u0131\u011f\u0131 K\u00f6yce\u011fiz G\u00f6l\u00fc\u2019n\u00fcn kuzeyinde kurulu olup, 1.758 km\u00b2 y\u00fcz\u00f6l\u00e7\u00fcm\u00fcndedir. BKM Motors, K\u00f6yce\u011fiz&#8217;deki ilk ve tek motor kiralama firmas\u0131 olarak hizmet vermektedir. Geni\u015f filo altyap\u0131m\u0131z ve [&hellip;]<\/p>\n","protected":false},"author":1,"featured_media":0,"parent":0,"menu_order":0,"comment_status":"closed","ping_status":"closed","template":"elementor_header_footer","meta":{"_monsterinsights_skip_tracking":false,"_monsterinsights_sitenote_active":false,"_monsterinsights_sitenote_note":"","_monsterinsights_sitenote_category":0,"footnotes":""},"class_list":["post-1494","page","type-page","status-publish","hentry"],"aioseo_notices":[],"_links":{"self":[{"href":"https:\/\/koycegizmotorkiralama.com\/index.php\/wp-json\/wp\/v2\/pages\/1494","targetHints":{"allow":["GET"]}}],"collection":[{"href":"https:\/\/koycegizmotorkiralama.com\/index.php\/wp-json\/wp\/v2\/pages"}],"about":[{"href":"https:\/\/koycegizmotorkiralama.com\/index.php\/wp-json\/wp\/v2\/types\/page"}],"author":[{"embeddable":true,"href":"https:\/\/koycegizmotorkiralama.com\/index.php\/wp-json\/wp\/v2\/users\/1"}],"replies":[{"embeddable":true,"href":"https:\/\/koycegizmotorkiralama.com\/index.php\/wp-json\/wp\/v2\/comments?post=1494"}],"version-history":[{"count":5,"href":"https:\/\/koycegizmotorkiralama.com\/index.php\/wp-json\/wp\/v2\/pages\/1494\/revisions"}],"predecessor-version":[{"id":3163,"href":"https:\/\/koycegizmotorkiralama.com\/index.php\/wp-json\/wp\/v2\/pages\/1494\/revisions\/3163"}],"wp:attachment":[{"href":"https:\/\/koycegizmotorkiralama.com\/index.php\/wp-json\/wp\/v2\/media?parent=1494"}],"curies":[{"name":"wp","href":"https:\/\/api.w.org\/{rel}","templated":true}]}}